{"id":419,"date":"2026-01-20T21:15:18","date_gmt":"2026-01-20T20:15:18","guid":{"rendered":"https:\/\/www.federicadonno.it\/shop\/?post_type=product&#038;p=419"},"modified":"2026-01-27T11:35:25","modified_gmt":"2026-01-27T10:35:25","slug":"collana-nappy-2","status":"publish","type":"product","link":"https:\/\/www.federicadonno.it\/shop\/prodotto\/collana-nappy-2\/","title":{"rendered":"Collana Nappy Vag"},"content":{"rendered":"<p>Collana lunga dal carattere deciso e contemporaneo, in cui materiali preziosi e dettagli artigianali si incontrano in un gioco di contrasti armoniosi. La struttura a doppio filo crea profondit\u00e0 e movimento, unendo luce metallica, cromie vibranti e texture naturali per un gioiello di forte personalit\u00e0 ma estremamente versatile.<\/p>\n<p>La collana \u00e8 composta da un filo interno regolabile con zirconi arancio alternati ad ematite bronzo, per una luminosit\u00e0 calda e avvolgente. Il filo esterno \u00e8 composto da una catena in ottone dorato che regge un pendente composto da una sfera di agata druzy con geode, osso di bufalo inciso e una nappa viola.<\/p>\n<p>Lunghezza massina collana zirconi 70 cm<\/p>\n<p>Diametro zirconi 0,4 mm<\/p>\n<p>Lunghezza catena 80 cm<\/p>\n<p>Lunghezza pendente 19,5 cm<\/p>\n<p>Diametro resina 22 mm<\/p>\n<p>Misure osso 2,7*2,5 cm<\/p>\n","protected":false},"excerpt":{"rendered":"<p>Collana lunga dal carattere deciso e contemporaneo<\/p>\n","protected":false},"featured_media":420,"comment_status":"closed","ping_status":"closed","template":"","meta":{"_acf_changed":false},"product_brand":[34],"product_cat":[15],"product_tag":[24],"class_list":{"0":"post-419","1":"product","2":"type-product","3":"status-publish","4":"has-post-thumbnail","6":"product_brand-vag-gioielli","7":"product_cat-accessori","8":"product_tag-autunno","10":"first","11":"instock","12":"taxable","13":"shipping-taxable","14":"purchasable","15":"product-type-simple"},"acf":[],"_links":{"self":[{"href":"https:\/\/www.federicadonno.it\/shop\/wp-json\/wp\/v2\/product\/419","targetHints":{"allow":["GET"]}}],"collection":[{"href":"https:\/\/www.federicadonno.it\/shop\/wp-json\/wp\/v2\/product"}],"about":[{"href":"https:\/\/www.federicadonno.it\/shop\/wp-json\/wp\/v2\/types\/product"}],"replies":[{"embeddable":true,"href":"https:\/\/www.federicadonno.it\/shop\/wp-json\/wp\/v2\/comments?post=419"}],"wp:featuredmedia":[{"embeddable":true,"href":"https:\/\/www.federicadonno.it\/shop\/wp-json\/wp\/v2\/media\/420"}],"wp:attachment":[{"href":"https:\/\/www.federicadonno.it\/shop\/wp-json\/wp\/v2\/media?parent=419"}],"wp:term":[{"taxonomy":"product_brand","embeddable":true,"href":"https:\/\/www.federicadonno.it\/shop\/wp-json\/wp\/v2\/product_brand?post=419"},{"taxonomy":"product_cat","embeddable":true,"href":"https:\/\/www.federicadonno.it\/shop\/wp-json\/wp\/v2\/product_cat?post=419"},{"taxonomy":"product_tag","embeddable":true,"href":"https:\/\/www.federicadonno.it\/shop\/wp-json\/wp\/v2\/product_tag?post=419"}],"curies":[{"name":"wp","href":"https:\/\/api.w.org\/{rel}","templated":true}]}}