{"id":796,"date":"2026-01-27T11:09:44","date_gmt":"2026-01-27T10:09:44","guid":{"rendered":"https:\/\/www.federicadonno.it\/shop\/?post_type=product&#038;p=796"},"modified":"2026-01-27T11:14:13","modified_gmt":"2026-01-27T10:14:13","slug":"occhiale-pelon","status":"publish","type":"product","link":"https:\/\/www.federicadonno.it\/shop\/prodotto\/occhiale-pelon\/","title":{"rendered":"Occhiale Pelon"},"content":{"rendered":"<p>Eleganti e di carattere, questi <strong>occhiali da sole cat eye da donna artigianali<\/strong> sono l\u2019accessorio perfetto per valorizzare ogni look con un tocco glamour e senza tempo. La <strong>montatura in acetato effetto tartarugato<\/strong> combina tonalit\u00e0 calde di ambra e marrone, ideale per chi cerca uno stile sofisticato ma versatile.<\/p>\n<p>Le <strong>lenti sfumate marroni<\/strong> offrono una protezione efficace dalla luce solare, garantendo comfort visivo e un\u2019elevata resa estetica. La forma cat eye, iconica e femminile, esalta i lineamenti del viso ed \u00e8 perfetta sia per outfit casual che pi\u00f9 eleganti.<\/p>\n<h4>Caratteristiche tecniche:<\/h4>\n<ul>\n<li><strong>Calibro:<\/strong> 48<\/li>\n<li><strong>Ponte:<\/strong> 17<\/li>\n<li><strong>Asta:<\/strong> 155<\/li>\n<li><strong>Forma:<\/strong> Cat Eye<\/li>\n<li><strong>Genere:<\/strong> Donna<\/li>\n<li><strong>Materiale montatura:<\/strong> Acetato<\/li>\n<li><strong>Colore montatura:<\/strong> Tartarugato<\/li>\n<li><strong>Colore lenti:<\/strong> Marrone sfumato<\/li>\n<\/ul>\n<p>Questi <strong>occhiali da sole fashion<\/strong> sono ideali per chi desidera un prodotto di qualit\u00e0, dal design ricercato e attento alle ultime tendenze. Perfetti per la citt\u00e0, il mare o il tempo libero, uniscono comfort, stile e personalit\u00e0.<\/p>\n<p>&nbsp;<\/p>\n","protected":false},"excerpt":{"rendered":"<p>Occhiali da sole cat eye da donna<\/p>\n","protected":false},"featured_media":799,"comment_status":"closed","ping_status":"closed","template":"","meta":{"_acf_changed":false},"product_brand":[],"product_cat":[15],"product_tag":[24],"class_list":{"0":"post-796","1":"product","2":"type-product","3":"status-publish","4":"has-post-thumbnail","6":"product_cat-accessori","7":"product_tag-autunno","8":"product_shipping_class-pacchi-leggeri","10":"first","11":"instock","12":"taxable","13":"shipping-taxable","14":"purchasable","15":"product-type-simple"},"acf":[],"_links":{"self":[{"href":"https:\/\/www.federicadonno.it\/shop\/wp-json\/wp\/v2\/product\/796","targetHints":{"allow":["GET"]}}],"collection":[{"href":"https:\/\/www.federicadonno.it\/shop\/wp-json\/wp\/v2\/product"}],"about":[{"href":"https:\/\/www.federicadonno.it\/shop\/wp-json\/wp\/v2\/types\/product"}],"replies":[{"embeddable":true,"href":"https:\/\/www.federicadonno.it\/shop\/wp-json\/wp\/v2\/comments?post=796"}],"wp:featuredmedia":[{"embeddable":true,"href":"https:\/\/www.federicadonno.it\/shop\/wp-json\/wp\/v2\/media\/799"}],"wp:attachment":[{"href":"https:\/\/www.federicadonno.it\/shop\/wp-json\/wp\/v2\/media?parent=796"}],"wp:term":[{"taxonomy":"product_brand","embeddable":true,"href":"https:\/\/www.federicadonno.it\/shop\/wp-json\/wp\/v2\/product_brand?post=796"},{"taxonomy":"product_cat","embeddable":true,"href":"https:\/\/www.federicadonno.it\/shop\/wp-json\/wp\/v2\/product_cat?post=796"},{"taxonomy":"product_tag","embeddable":true,"href":"https:\/\/www.federicadonno.it\/shop\/wp-json\/wp\/v2\/product_tag?post=796"}],"curies":[{"name":"wp","href":"https:\/\/api.w.org\/{rel}","templated":true}]}}